{"id":2511,"date":"2023-09-12T13:44:09","date_gmt":"2023-09-12T13:44:09","guid":{"rendered":"https:\/\/tourismus-marsberg.de\/?page_id=2511"},"modified":"2025-03-26T08:21:10","modified_gmt":"2025-03-26T08:21:10","slug":"nette-toilette","status":"publish","type":"page","link":"https:\/\/tourismus-marsberg.de\/index.php\/ausgehen\/nette-toilette\/","title":{"rendered":"Nette Toilette"},"content":{"rendered":"<p><div class=\"fusion-fullwidth fullwidth-box fusion-builder-row-1 fusion-flex-container has-pattern-background has-mask-background nonhundred-percent-fullwidth non-hundred-percent-height-scrolling\" style=\"--awb-border-radius-top-left:0px;--awb-border-radius-top-right:0px;--awb-border-radius-bottom-right:0px;--awb-border-radius-bottom-left:0px;--awb-flex-wrap:wrap;\" ><div class=\"fusion-builder-row fusion-row fusion-flex-align-items-flex-start fusion-flex-content-wrap\" style=\"max-width:1302px;margin-left: calc(-5% \/ 2 );margin-right: calc(-5% \/ 2 );\"><div class=\"fusion-layout-column fusion_builder_column fusion-builder-column-0 fusion_builder_column_1_1 1_1 fusion-flex-column\" style=\"--awb-bg-size:cover;--awb-width-large:100%;--awb-margin-top-large:0px;--awb-spacing-right-large:2.375%;--awb-margin-bottom-large:0px;--awb-spacing-left-large:2.375%;--awb-width-medium:100%;--awb-order-medium:0;--awb-spacing-right-medium:2.375%;--awb-spacing-left-medium:2.375%;--awb-width-small:100%;--awb-order-small:0;--awb-spacing-right-small:2.375%;--awb-spacing-left-small:2.375%;\"><div class=\"fusion-column-wrapper fusion-column-has-shadow fusion-flex-justify-content-flex-start fusion-content-layout-column\"><div class=\"fusion-title title fusion-title-1 fusion-sep-none fusion-title-text fusion-title-size-one\"><h1 class=\"fusion-title-heading title-heading-left\" style=\"margin:0;\">Nette Toilette<\/h1><\/div><\/div><\/div><\/div><\/div><div class=\"fusion-fullwidth fullwidth-box fusion-builder-row-2 fusion-flex-container has-pattern-background has-mask-background nonhundred-percent-fullwidth non-hundred-percent-height-scrolling\" style=\"--awb-border-radius-top-left:0px;--awb-border-radius-top-right:0px;--awb-border-radius-bottom-right:0px;--awb-border-radius-bottom-left:0px;--awb-flex-wrap:wrap;\" ><div class=\"fusion-builder-row fusion-row fusion-flex-align-items-flex-start fusion-flex-content-wrap\" style=\"max-width:1302px;margin-left: calc(-5% \/ 2 );margin-right: calc(-5% \/ 2 );\"><div class=\"fusion-layout-column fusion_builder_column fusion-builder-column-1 fusion_builder_column_2_3 2_3 fusion-flex-column\" style=\"--awb-bg-size:cover;--awb-width-large:66.666666666667%;--awb-margin-top-large:0px;--awb-spacing-right-large:3.5625%;--awb-margin-bottom-large:0px;--awb-spacing-left-large:3.5625%;--awb-width-medium:66.666666666667%;--awb-order-medium:0;--awb-spacing-right-medium:3.5625%;--awb-spacing-left-medium:3.5625%;--awb-width-small:100%;--awb-order-small:0;--awb-spacing-right-small:2.375%;--awb-spacing-left-small:2.375%;\"><div class=\"fusion-column-wrapper fusion-column-has-shadow fusion-flex-justify-content-flex-start fusion-content-layout-column\"><div class=\"fusion-text fusion-text-1\"><p>Saubere, sichere sowie frei zug\u00e4ngliche Toiletten zeichnen eine b\u00fcrgerfreundliche Stadt aus. Mit der Aktion \u201eNette Toilette\u201c wird diese Aufgabe in Marsberg nun noch besser erf\u00fcllt.<\/p>\n<p>Mehrere H\u00e4ndler sowie Gastronomen stellen B\u00fcrgern und G\u00e4sten ihre Toiletten w\u00e4hrend der jeweiligen \u00d6ffnungszeiten kostenlos zu Verf\u00fcgung:<\/p>\n<p><strong>Niedermarsberg:<\/strong><\/p>\n<p><a href=\"https:\/\/www.facebook.com\/people\/Bei-Burhan-Marsberg\/100063635770638\/\" target=\"_blank\" rel=\"noopener\">Bei Burhan &#8211; Pizza &amp; D\u00f6nerhaus<\/a><\/p>\n<p><a href=\"https:\/\/www.runte-marsberg.de\/\" target=\"_blank\" rel=\"noopener\">Caf\u00e9 NO&#8220;H&#8220;AH<\/a><\/p>\n<p><a href=\"https:\/\/www.facebook.com\/zumbleichhaus\/\" target=\"_blank\" rel=\"noopener\">Caf\u00e9 Zum Bleichhaus<\/a><\/p>\n<p><a href=\"https:\/\/www.facebook.com\/Eiscaf%C3%A8-Venezia-Marsberg-249167888467616\/\" target=\"_blank\" rel=\"noopener\">Eiscaf\u00e9 Venezia<\/a><\/p>\n<p><a href=\"https:\/\/tourismus-marsberg.de\/index.php\/aktiv\/sport-freizeit\/hallenbad-saunalandschaft-diemeltal-marsberg\/\" target=\"_blank\" rel=\"noopener\">Hallenbad Diemeltal<\/a><\/p>\n<p><a href=\"https:\/\/tourismus-marsberg.de\/index.php\/entdecken\/kultur\/\" target=\"_blank\" rel=\"noopener\">Stadtbibliothek Marsberg<\/a><\/p>\n<p><strong>Obermarsberg:<\/strong><\/p>\n<p><a href=\"https:\/\/www.fv-obermarsberg.de\/geschichte-und-kultur\/\" target=\"_blank\" rel=\"noopener\">F\u00f6rderverein Historisches Obermarsberg<\/a> (Nette Toilette bei der Nikolaikirche)<\/p>\n<p><strong>Helminghausen:<\/strong><\/p>\n<p><a href=\"https:\/\/helminghausen.net\/freizeit-und-sport\/419-2\/\" target=\"_blank\" rel=\"noopener\">Alter Gutsgarten Helminghausen<\/a><\/p>\n<p><strong>Padberg:<\/strong><\/p>\n<p><a href=\"https:\/\/gasthofzumburghof.de\/willkommen\/\" target=\"_blank\" rel=\"noopener\">Gasthof Zum Burghof<\/a><\/p>\n<\/div><\/div><\/div><div class=\"fusion-layout-column fusion_builder_column fusion-builder-column-2 fusion_builder_column_1_3 1_3 fusion-flex-column\" style=\"--awb-bg-size:cover;--awb-width-large:33.333333333333%;--awb-margin-top-large:0px;--awb-spacing-right-large:7.125%;--awb-margin-bottom-large:0px;--awb-spacing-left-large:7.125%;--awb-width-medium:33.333333333333%;--awb-order-medium:0;--awb-spacing-right-medium:7.125%;--awb-spacing-left-medium:7.125%;--awb-width-small:100%;--awb-order-small:0;--awb-spacing-right-small:2.375%;--awb-spacing-left-small:2.375%;\"><div class=\"fusion-column-wrapper fusion-column-has-shadow fusion-flex-justify-content-flex-start fusion-content-layout-column\"><div class=\"fusion-image-element \" style=\"--awb-caption-title-font-family:var(--h2_typography-font-family);--awb-caption-title-font-weight:var(--h2_typography-font-weight);--awb-caption-title-font-style:var(--h2_typography-font-style);--awb-caption-title-size:var(--h2_typography-font-size);--awb-caption-title-transform:var(--h2_typography-text-transform);--awb-caption-title-line-height:var(--h2_typography-line-height);--awb-caption-title-letter-spacing:var(--h2_typography-letter-spacing);\"><span class=\" fusion-imageframe imageframe-none imageframe-1 hover-type-none\"><img decoding=\"async\" width=\"768\" height=\"978\" title=\"Billy Bilstein Nette Toilette transparent 2014 07 31web\" src=\"https:\/\/tourismus-marsberg.de\/wp-content\/uploads\/2023\/09\/Billy-Bilstein-Nette-Toilette-transparent-2014-07-31web.jpg\" data-orig-src=\"https:\/\/tourismus-marsberg.de\/wp-content\/uploads\/2023\/09\/Billy-Bilstein-Nette-Toilette-transparent-2014-07-31web.jpg\" alt class=\"lazyload img-responsive wp-image-2512\" srcset=\"data:image\/svg+xml,%3Csvg%20xmlns%3D%27http%3A%2F%2Fwww.w3.org%2F2000%2Fsvg%27%20width%3D%27768%27%20height%3D%27978%27%20viewBox%3D%270%200%20768%20978%27%3E%3Crect%20width%3D%27768%27%20height%3D%27978%27%20fill-opacity%3D%220%22%2F%3E%3C%2Fsvg%3E\" data-srcset=\"https:\/\/tourismus-marsberg.de\/wp-content\/uploads\/2023\/09\/Billy-Bilstein-Nette-Toilette-transparent-2014-07-31web-200x255.jpg 200w, https:\/\/tourismus-marsberg.de\/wp-content\/uploads\/2023\/09\/Billy-Bilstein-Nette-Toilette-transparent-2014-07-31web-400x509.jpg 400w, https:\/\/tourismus-marsberg.de\/wp-content\/uploads\/2023\/09\/Billy-Bilstein-Nette-Toilette-transparent-2014-07-31web-600x764.jpg 600w, https:\/\/tourismus-marsberg.de\/wp-content\/uploads\/2023\/09\/Billy-Bilstein-Nette-Toilette-transparent-2014-07-31web.jpg 768w\" data-sizes=\"auto\" data-orig-sizes=\"(max-width: 800px) 100vw, 400px\" \/><\/span><\/div><\/div><\/div><\/div><\/div><\/p>\n","protected":false},"excerpt":{"rendered":"","protected":false},"author":1,"featured_media":0,"parent":2220,"menu_order":50,"comment_status":"closed","ping_status":"closed","template":"","meta":{"footnotes":""},"class_list":["post-2511","page","type-page","status-publish","hentry"],"_links":{"self":[{"href":"https:\/\/tourismus-marsberg.de\/index.php\/wp-json\/wp\/v2\/pages\/2511","targetHints":{"allow":["GET"]}}],"collection":[{"href":"https:\/\/tourismus-marsberg.de\/index.php\/wp-json\/wp\/v2\/pages"}],"about":[{"href":"https:\/\/tourismus-marsberg.de\/index.php\/wp-json\/wp\/v2\/types\/page"}],"author":[{"embeddable":true,"href":"https:\/\/tourismus-marsberg.de\/index.php\/wp-json\/wp\/v2\/users\/1"}],"replies":[{"embeddable":true,"href":"https:\/\/tourismus-marsberg.de\/index.php\/wp-json\/wp\/v2\/comments?post=2511"}],"version-history":[{"count":7,"href":"https:\/\/tourismus-marsberg.de\/index.php\/wp-json\/wp\/v2\/pages\/2511\/revisions"}],"predecessor-version":[{"id":5419,"href":"https:\/\/tourismus-marsberg.de\/index.php\/wp-json\/wp\/v2\/pages\/2511\/revisions\/5419"}],"up":[{"embeddable":true,"href":"https:\/\/tourismus-marsberg.de\/index.php\/wp-json\/wp\/v2\/pages\/2220"}],"wp:attachment":[{"href":"https:\/\/tourismus-marsberg.de\/index.php\/wp-json\/wp\/v2\/media?parent=2511"}],"curies":[{"name":"wp","href":"https:\/\/api.w.org\/{rel}","templated":true}]}}