{"id":2495,"date":"2023-09-12T13:32:55","date_gmt":"2023-09-12T13:32:55","guid":{"rendered":"https:\/\/tourismus-marsberg.de\/?page_id=2495"},"modified":"2026-03-06T12:29:22","modified_gmt":"2026-03-06T12:29:22","slug":"restaurants-gasthoefe","status":"publish","type":"page","link":"https:\/\/tourismus-marsberg.de\/index.php\/ausgehen\/restaurants-gasthoefe\/","title":{"rendered":"Restaurants &#038; Gasth\u00f6fe"},"content":{"rendered":"<p><div class=\"fusion-fullwidth fullwidth-box fusion-builder-row-1 fusion-flex-container has-pattern-background has-mask-background nonhundred-percent-fullwidth non-hundred-percent-height-scrolling\" style=\"--awb-border-radius-top-left:0px;--awb-border-radius-top-right:0px;--awb-border-radius-bottom-right:0px;--awb-border-radius-bottom-left:0px;--awb-flex-wrap:wrap;\" ><div class=\"fusion-builder-row fusion-row fusion-flex-align-items-flex-start fusion-flex-content-wrap\" style=\"max-width:1302px;margin-left: calc(-5% \/ 2 );margin-right: calc(-5% \/ 2 );\"><div class=\"fusion-layout-column fusion_builder_column fusion-builder-column-0 fusion_builder_column_1_1 1_1 fusion-flex-column\" style=\"--awb-bg-size:cover;--awb-width-large:100%;--awb-margin-top-large:0px;--awb-spacing-right-large:2.375%;--awb-margin-bottom-large:0px;--awb-spacing-left-large:2.375%;--awb-width-medium:100%;--awb-order-medium:0;--awb-spacing-right-medium:2.375%;--awb-spacing-left-medium:2.375%;--awb-width-small:100%;--awb-order-small:0;--awb-spacing-right-small:2.375%;--awb-spacing-left-small:2.375%;\"><div class=\"fusion-column-wrapper fusion-column-has-shadow fusion-flex-justify-content-flex-start fusion-content-layout-column\"><div class=\"fusion-title title fusion-title-1 fusion-sep-none fusion-title-text fusion-title-size-one\"><h1 class=\"fusion-title-heading title-heading-left\" style=\"margin:0;\">Restaurants &amp; Gasth\u00f6fe<\/h1><\/div><div class=\"fusion-text fusion-text-1\"><div class=\"category-desc clearfix\">\n<p>Liebe G\u00e4ste,<br \/>\nliebe Freunde des guten Essens,<\/p>\n<p>suchen Sie ein gutes Restaurant, um einen sch\u00f6nen und erlebnisreichen Tag mit einem gepflegten Abendessen beschlie\u00dfen zu k\u00f6nnen?<\/p>\n<p>Marsbergs Gastronomen bieten ihren G\u00e4sten und B\u00fcrgern ein ausgewogenes Angebot von Restaurants mit regionaler, deutscher, mediterraner, italienischer, griechischer oder asiatischer K\u00fcche an.<\/p>\n<\/div>\n<\/div><\/div><\/div><\/div><\/div><div class=\"fusion-fullwidth fullwidth-box fusion-builder-row-2 fusion-flex-container has-pattern-background has-mask-background nonhundred-percent-fullwidth non-hundred-percent-height-scrolling\" style=\"--awb-border-radius-top-left:0px;--awb-border-radius-top-right:0px;--awb-border-radius-bottom-right:0px;--awb-border-radius-bottom-left:0px;--awb-flex-wrap:wrap;\" ><div class=\"fusion-builder-row fusion-row fusion-flex-align-items-flex-start fusion-flex-content-wrap\" style=\"max-width:1302px;margin-left: calc(-5% \/ 2 );margin-right: calc(-5% \/ 2 );\"><div class=\"fusion-layout-column fusion_builder_column fusion-builder-column-1 fusion_builder_column_1_1 1_1 fusion-flex-column\" style=\"--awb-bg-size:cover;--awb-width-large:100%;--awb-margin-top-large:0px;--awb-spacing-right-large:2.375%;--awb-margin-bottom-large:0px;--awb-spacing-left-large:2.375%;--awb-width-medium:100%;--awb-order-medium:0;--awb-spacing-right-medium:2.375%;--awb-spacing-left-medium:2.375%;--awb-width-small:100%;--awb-order-small:0;--awb-spacing-right-small:2.375%;--awb-spacing-left-small:2.375%;\"><div class=\"fusion-column-wrapper fusion-column-has-shadow fusion-flex-justify-content-flex-start fusion-content-layout-column\"><script \n\tid=\"et4pages\" \n\ttype=\"text\/javascript\" \n\tsrc=\"https:\/\/pages.destination.one\/de\/sauerland\/default\/search\/Gastro\/tag:GastroMarsberg?i_target=et4pages\">\n<\/script><\/div><\/div><\/div><\/div><\/p>\n","protected":false},"excerpt":{"rendered":"","protected":false},"author":1,"featured_media":0,"parent":2220,"menu_order":20,"comment_status":"closed","ping_status":"closed","template":"","meta":{"footnotes":""},"class_list":["post-2495","page","type-page","status-publish","hentry"],"_links":{"self":[{"href":"https:\/\/tourismus-marsberg.de\/index.php\/wp-json\/wp\/v2\/pages\/2495","targetHints":{"allow":["GET"]}}],"collection":[{"href":"https:\/\/tourismus-marsberg.de\/index.php\/wp-json\/wp\/v2\/pages"}],"about":[{"href":"https:\/\/tourismus-marsberg.de\/index.php\/wp-json\/wp\/v2\/types\/page"}],"author":[{"embeddable":true,"href":"https:\/\/tourismus-marsberg.de\/index.php\/wp-json\/wp\/v2\/users\/1"}],"replies":[{"embeddable":true,"href":"https:\/\/tourismus-marsberg.de\/index.php\/wp-json\/wp\/v2\/comments?post=2495"}],"version-history":[{"count":67,"href":"https:\/\/tourismus-marsberg.de\/index.php\/wp-json\/wp\/v2\/pages\/2495\/revisions"}],"predecessor-version":[{"id":5686,"href":"https:\/\/tourismus-marsberg.de\/index.php\/wp-json\/wp\/v2\/pages\/2495\/revisions\/5686"}],"up":[{"embeddable":true,"href":"https:\/\/tourismus-marsberg.de\/index.php\/wp-json\/wp\/v2\/pages\/2220"}],"wp:attachment":[{"href":"https:\/\/tourismus-marsberg.de\/index.php\/wp-json\/wp\/v2\/media?parent=2495"}],"curies":[{"name":"wp","href":"https:\/\/api.w.org\/{rel}","templated":true}]}}