{"id":2209,"date":"2023-09-12T03:46:24","date_gmt":"2023-09-12T03:46:24","guid":{"rendered":"https:\/\/tourismus-marsberg.de\/?page_id=2209"},"modified":"2026-01-12T14:24:06","modified_gmt":"2026-01-12T14:24:06","slug":"impressum","status":"publish","type":"page","link":"https:\/\/tourismus-marsberg.de\/index.php\/impressum\/","title":{"rendered":"Impressum"},"content":{"rendered":"<div class=\"fusion-fullwidth fullwidth-box fusion-builder-row-1 fusion-flex-container has-pattern-background has-mask-background nonhundred-percent-fullwidth non-hundred-percent-height-scrolling\" style=\"--awb-border-radius-top-left:0px;--awb-border-radius-top-right:0px;--awb-border-radius-bottom-right:0px;--awb-border-radius-bottom-left:0px;--awb-flex-wrap:wrap;\" ><div class=\"fusion-builder-row fusion-row fusion-flex-align-items-flex-start fusion-flex-content-wrap\" style=\"max-width:1302px;margin-left: calc(-5% \/ 2 );margin-right: calc(-5% \/ 2 );\"><div class=\"fusion-layout-column fusion_builder_column fusion-builder-column-0 fusion_builder_column_1_2 1_2 fusion-flex-column\" style=\"--awb-bg-size:cover;--awb-width-large:50%;--awb-margin-top-large:0px;--awb-spacing-right-large:4.75%;--awb-margin-bottom-large:0px;--awb-spacing-left-large:4.75%;--awb-width-medium:50%;--awb-order-medium:0;--awb-spacing-right-medium:4.75%;--awb-spacing-left-medium:4.75%;--awb-width-small:100%;--awb-order-small:0;--awb-spacing-right-small:2.375%;--awb-spacing-left-small:2.375%;\"><div class=\"fusion-column-wrapper fusion-column-has-shadow fusion-flex-justify-content-flex-start fusion-content-layout-column\"><div class=\"fusion-text fusion-text-1\"><div class=\"row\">\n<div class=\"col-md-12\">\n<div class=\"item-page\">\n<div class=\"page-header\">\n<h2>Impressum<\/h2>\n<\/div>\n<p>Stadtmarketing und Wirtschaftsf\u00f6rderung Marsberg e.V.<br \/>\nB\u00e4ckerstra\u00dfe 8<br \/>\n34431 Marsberg<\/p>\n<p>Telefon: +49 2992 8200<br \/>\nTelefax: +49 2992 1461<br \/>\nE-Mail: info(at)stadtmarketing-marsberg.de<\/p>\n<h5><strong>Vertreten durch:<\/strong><\/h5>\n<p>Vorsitzender: Kay Hofheinz<br \/>\nStellvertretender Vorsitzender: B\u00fcrgermeister Matthias Koch<br \/>\nGesch\u00e4ftsf\u00fchrerin: Michaela Schr\u00f6der<\/p>\n<h5><strong>Registereintrag:<\/strong><\/h5>\n<p>Eintragung im Vereinsregister.<br \/>\nRegistergericht:Amtsgericht Arnsberg<br \/>\nRegisternummer: VR 20279<\/p>\n<h5><strong>Umsatzsteuer-ID:<\/strong><\/h5>\n<p>Umsatzsteuer-Identifikationsnummer gem\u00e4\u00df \u00a727 a Umsatzsteuergesetz:<br \/>\n309\/5856\/0222<\/p>\n<h5><strong>Verantwortlich f\u00fcr den Inhalt<\/strong><\/h5>\n<p>Stadtmarketing und Wirtschaftsf\u00f6rderung Marsberg e.V.<br \/>\nB\u00e4ckerstra\u00dfe 8<br \/>\n34431 Marsberg<\/p>\n<h5><strong>Quellenangaben f\u00fcr die verwendeten Bilder und Grafiken:<\/strong><\/h5>\n<div><a href=\"http:\/\/www.antillu.de\/\" target=\"_blank\" rel=\"noopener\">Antillu &#8211; Agentur f\u00fcr Mediendesign<\/a><\/div>\n<div><a href=\"http:\/\/www.dirkhustadt.de\/\" target=\"_blank\" rel=\"noopener\">Fotografie Dirk Hustadt<\/a><\/div>\n<div><a href=\"http:\/\/www.stadtmarketing-marsberg.de\/\" target=\"_self\" rel=\"noopener\">Stadtmarketing und Wirtschaftsf\u00f6rderung Marsberg e.V.<\/a><\/div>\n<div><a href=\"https:\/\/pixabay.com\/de\/\" target=\"_blank\" rel=\"noopener\">Pixabay<\/a><\/div>\n<div><\/div>\n<h5><strong>Haftungsausschluss (Disclaimer)<\/strong><\/h5>\n<p><strong>Streitschlichtung<\/strong><\/p>\n<p><span class=\"text2\" style=\"color: #000000;\">Hinweis zur Online-Streitbeilegung gem\u00e4\u00df Art. 14 Abs. 1 ODR-VO: Die Europ\u00e4ische Kommission stellt eine Plattform zur Online-Streitbeilegung (OS) bereit, die Sie unter <a href=\"https:\/\/ec.europa.eu\/consumers\/odr\/\" target=\"_blank\" rel=\"noopener\">https:\/\/ec.europa.eu\/consumers\/odr\/<\/a> finden.<\/span><\/p>\n<p>Wir sind nicht bereit oder verpflichtet, an Streitbeilegungsverfahren vor einer Verbraucherschlichtungsstelle teilzunehmen.<\/p>\n<p><strong>Haftung f\u00fcr Inhalte<\/strong><\/p>\n<p>Als Diensteanbieter sind wir gem\u00e4\u00df \u00a7 7 Abs.1 TMG f\u00fcr eigene Inhalte auf diesen Seiten nach den allgemeinen Gesetzen verantwortlich. Nach \u00a7\u00a7 8 bis 10 TMG sind wir als Diensteanbieter jedoch nicht verpflichtet, \u00fcbermittelte oder gespeicherte fremde Informationen zu \u00fcberwachen oder nach Umst\u00e4nden zu forschen, die auf eine rechtswidrige T\u00e4tigkeit hinweisen. Verpflichtungen zur Entfernung oder Sperrung der Nutzung von Informationen nach den allgemeinen Gesetzen bleiben hiervon unber\u00fchrt. Eine diesbez\u00fcgliche Haftung ist jedoch erst ab dem Zeitpunkt der Kenntnis einer konkreten Rechtsverletzung m\u00f6glich. Bei Bekanntwerden von entsprechenden Rechtsverletzungen werden wir diese Inhalte umgehend entfernen.<\/p>\n<p><strong>Haftung f\u00fcr Links<\/strong><\/p>\n<p>Unser Angebot enth\u00e4lt Links zu externen Webseiten Dritter, auf deren Inhalte wir keinen Einfluss haben. Deshalb k\u00f6nnen wir f\u00fcr diese fremden Inhalte auch keine Gew\u00e4hr \u00fcbernehmen. F\u00fcr die Inhalte der verlinkten Seiten ist stets der jeweilige Anbieter oder Betreiber der Seiten verantwortlich. Die verlinkten Seiten wurden zum Zeitpunkt der Verlinkung auf m\u00f6gliche Rechtsverst\u00f6\u00dfe \u00fcberpr\u00fcft. Rechtswidrige Inhalte waren zum Zeitpunkt der Verlinkung nicht erkennbar. Eine permanente inhaltliche Kontrolle der verlinkten Seiten ist jedoch ohne konkrete Anhaltspunkte einer Rechtsverletzung nicht zumutbar. Bei Bekanntwerden von Rechtsverletzungen werden wir derartige Links umgehend entfernen.<\/p>\n<p><strong>Urheberrecht<\/strong><\/p>\n<p>Die durch die Seitenbetreiber erstellten Inhalte und Werke auf diesen Seiten unterliegen dem deutschen Urheberrecht. Die Vervielf\u00e4ltigung, Bearbeitung, Verbreitung und jede Art der Verwertung au\u00dferhalb der Grenzen des Urheberrechtes bed\u00fcrfen der schriftlichen Zustimmung des jeweiligen Autors bzw. Erstellers. Downloads und Kopien dieser Seite sind nur f\u00fcr den privaten, nicht kommerziellen Gebrauch gestattet. Soweit die Inhalte auf dieser Seite nicht vom Betreiber erstellt wurden, werden die Urheberrechte Dritter beachtet. Insbesondere werden Inhalte Dritter als solche gekennzeichnet. Sollten Sie trotzdem auf eine Urheberrechtsverletzung aufmerksam werden, bitten wir um einen entsprechenden Hinweis. Bei Bekanntwerden von Rechtsverletzungen werden wir derartige Inhalte umgehend entfernen.<\/p>\n<p>Quelle: <em><a href=\"http:\/\/www.e-recht24.de\">http:\/\/www.e-recht24.de<\/a><\/em><\/p>\n<\/div>\n<\/div>\n<\/div>\n<\/div><\/div><\/div><div class=\"fusion-layout-column fusion_builder_column fusion-builder-column-1 fusion_builder_column_1_2 1_2 fusion-flex-column\" style=\"--awb-bg-size:cover;--awb-width-large:50%;--awb-margin-top-large:82px;--awb-spacing-right-large:4.75%;--awb-margin-bottom-large:0px;--awb-spacing-left-large:4.75%;--awb-width-medium:50%;--awb-order-medium:0;--awb-spacing-right-medium:4.75%;--awb-spacing-left-medium:4.75%;--awb-width-small:100%;--awb-order-small:0;--awb-spacing-right-small:2.375%;--awb-spacing-left-small:2.375%;\"><div class=\"fusion-column-wrapper fusion-column-has-shadow fusion-flex-justify-content-flex-start fusion-content-layout-column\"><div class=\"fusion-text fusion-text-2\"><hr \/>\n<h3 style=\"text-align: center;\">Webdesign by:<\/h3>\n<p><a href=\"https:\/\/webdesign-marsberg.de\/\" target=\"_blank\" rel=\"noopener\"> <img decoding=\"async\" class=\"lazyload aligncenter\" src=\"data:image\/gif;base64,R0lGODlhAQABAAAAACH5BAEKAAEALAAAAAABAAEAAAICTAEAOw==\" data-orig-src=\"https:\/\/webdesign-marsberg.de\/wp-content\/uploads\/2022\/01\/Logo-nebeneinander-1200x309-1.png\" alt=\"Qries\" width=\"400\" \/><\/a><\/p>\n<p style=\"text-align: center;\">Uppsprunger Stra\u00dfe 24<\/p>\n<p style=\"text-align: center;\">34431 Marsberg<\/p>\n<p style=\"text-align: center;\"><a href=\"mailto:info@webdesign-marsberg.de\">info@webdesign-marsberg.de<\/a><\/p>\n<p style=\"text-align: center;\"><a href=\"https:\/\/webdesign-marsberg.de\/\" target=\"_blank\" rel=\"noopener\">www.webdesign-marsberg.de<\/a><\/p>\n<hr \/>\n<\/div><\/div><\/div><\/div><\/div>\n","protected":false},"excerpt":{"rendered":"","protected":false},"author":1,"featured_media":0,"parent":0,"menu_order":1000,"comment_status":"closed","ping_status":"closed","template":"","meta":{"footnotes":""},"class_list":["post-2209","page","type-page","status-publish","hentry"],"_links":{"self":[{"href":"https:\/\/tourismus-marsberg.de\/index.php\/wp-json\/wp\/v2\/pages\/2209","targetHints":{"allow":["GET"]}}],"collection":[{"href":"https:\/\/tourismus-marsberg.de\/index.php\/wp-json\/wp\/v2\/pages"}],"about":[{"href":"https:\/\/tourismus-marsberg.de\/index.php\/wp-json\/wp\/v2\/types\/page"}],"author":[{"embeddable":true,"href":"https:\/\/tourismus-marsberg.de\/index.php\/wp-json\/wp\/v2\/users\/1"}],"replies":[{"embeddable":true,"href":"https:\/\/tourismus-marsberg.de\/index.php\/wp-json\/wp\/v2\/comments?post=2209"}],"version-history":[{"count":16,"href":"https:\/\/tourismus-marsberg.de\/index.php\/wp-json\/wp\/v2\/pages\/2209\/revisions"}],"predecessor-version":[{"id":5714,"href":"https:\/\/tourismus-marsberg.de\/index.php\/wp-json\/wp\/v2\/pages\/2209\/revisions\/5714"}],"wp:attachment":[{"href":"https:\/\/tourismus-marsberg.de\/index.php\/wp-json\/wp\/v2\/media?parent=2209"}],"curies":[{"name":"wp","href":"https:\/\/api.w.org\/{rel}","templated":true}]}}